{"id":6869,"date":"2026-01-14T05:04:47","date_gmt":"2026-01-14T05:04:47","guid":{"rendered":"https:\/\/inspecteurcasino.ca\/?page_id=6869"},"modified":"2026-02-03T10:36:14","modified_gmt":"2026-02-03T10:36:14","slug":"conditions-dutilisation","status":"publish","type":"page","link":"https:\/\/inspector.casino\/en\/conditions-dutilisation\/","title":{"rendered":"Conditions d&rsquo;utilisation"},"content":{"rendered":"<p>[et_pb_section fb_built=\u00a0\u00bb1&Prime; _builder_version=\u00a0\u00bb4.16&Prime; background_color=\u00a0\u00bb#f7f7f7&Prime; custom_padding=\u00a0\u00bb24px||19px|||\u00a0\u00bb global_colors_info=\u00a0\u00bb{}\u00a0\u00bb][et_pb_row _builder_version=\u00a0\u00bb4.16&Prime; custom_padding=\u00a0\u00bb15px||16px|||\u00a0\u00bb global_colors_info=\u00a0\u00bb{}\u00a0\u00bb][et_pb_column type=\u00a0\u00bb4_4&Prime; _builder_version=\u00a0\u00bb4.16&Prime; global_colors_info=\u00a0\u00bb{}\u00a0\u00bb][et_pb_text _builder_version=\u00a0\u00bb4.16&Prime; _dynamic_attributes=\u00a0\u00bbcontent\u00a0\u00bb header_font=\u00a0\u00bbArsenal|700|||||||\u00a0\u00bb header_text_color=\u00a0\u00bb#000000&Prime; global_colors_info=\u00a0\u00bb{}\u00a0\u00bb]@ET-DC@eyJkeW5hbWljIjp0cnVlLCJjb250ZW50IjoicG9zdF90aXRsZSIsInNldHRpbmdzIjp7ImJlZm9yZSI6IjxoMT4iLCJhZnRlciI6IjxoMT4ifX0=@[\/et_pb_text][\/et_pb_column][\/et_pb_row][\/et_pb_section][et_pb_section fb_built=\u00a0\u00bb1&Prime; _builder_version=\u00a0\u00bb4.16&Prime; background_color=\u00a0\u00bb#f7f7f7&Prime; custom_padding=\u00a0\u00bb4px||19px|||\u00a0\u00bb global_colors_info=\u00a0\u00bb{}\u00a0\u00bb][et_pb_row _builder_version=\u00a0\u00bb4.16&Prime; width=\u00a0\u00bb95%\u00a0\u00bb custom_padding=\u00a0\u00bb15px|||||\u00a0\u00bb global_colors_info=\u00a0\u00bb{}\u00a0\u00bb][et_pb_column type=\u00a0\u00bb4_4&Prime; _builder_version=\u00a0\u00bb4.16&Prime; global_colors_info=\u00a0\u00bb{}\u00a0\u00bb][et_pb_text _builder_version=\u00a0\u00bb4.27.5&Prime; text_font=\u00a0\u00bbArial||||||||\u00a0\u00bb text_text_color=\u00a0\u00bb#000000&Prime; text_font_size=\u00a0\u00bb16px\u00a0\u00bb header_2_font=\u00a0\u00bbArsenal|700|||||||\u00a0\u00bb header_2_text_color=\u00a0\u00bb#c1005a\u00a0\u00bb header_3_font=\u00a0\u00bbArsenal|700|||||||\u00a0\u00bb header_3_text_color=\u00a0\u00bb#000000&Prime; header_3_font_size=\u00a0\u00bb20px\u00a0\u00bb custom_margin=\u00a0\u00bb||20px|||\u00a0\u00bb hover_enabled=\u00a0\u00bb0&Prime; text_font_tablet=\u00a0\u00bb\u00a0\u00bb text_font_phone=\u00a0\u00bbDefault||||||||\u00a0\u00bb text_font_last_edited=\u00a0\u00bbon|phone\u00a0\u00bb text_font_size_tablet=\u00a0\u00bb\u00a0\u00bb text_font_size_phone=\u00a0\u00bb16px\u00a0\u00bb text_font_size_last_edited=\u00a0\u00bbon|desktop\u00a0\u00bb global_colors_info=\u00a0\u00bb{}\u00a0\u00bb sticky_enabled=\u00a0\u00bb0&Prime;]<\/p>\n<p>Les pr\u00e9sentes conditions d\u2019utilisation r\u00e9gissent l\u2019acc\u00e8s et l\u2019utilisation du site https:\/\/inspector.casino\/.<br \/>En acc\u00e9dant au Site, vous acceptez pleinement et sans r\u00e9serve les pr\u00e9sentes conditions. Si vous n\u2019acceptez pas ces conditions, veuillez ne pas utiliser ce Site.<\/p>\n<h2>Objectif du site.<\/h2>\n<p data-start=\"771\" data-end=\"904\">https:\/\/inspector.casino\/\u00a0est un <strong data-start=\"798\" data-end=\"838\">site d\u2019information et de comparaison<\/strong> d\u00e9di\u00e9 aux <strong data-start=\"849\" data-end=\"903\">casinos en ligne accessibles aux joueurs N\u00e9o-Z\u00e9landais<\/strong>.<\/p>\n<p data-start=\"906\" data-end=\"915\">Le Site :<\/p>\n<ul data-start=\"916\" data-end=\"1109\">\n<li data-start=\"916\" data-end=\"951\">\n<p data-start=\"918\" data-end=\"951\">ne propose <strong data-start=\"929\" data-end=\"951\">aucun jeu d\u2019argent<\/strong><\/p>\n<\/li>\n<li data-start=\"952\" data-end=\"979\">\n<p data-start=\"954\" data-end=\"979\">n\u2019accepte <strong data-start=\"964\" data-end=\"979\">aucun d\u00e9p\u00f4t<\/strong><\/p>\n<\/li>\n<li data-start=\"980\" data-end=\"1044\">\n<p data-start=\"982\" data-end=\"1044\">ne permet <strong data-start=\"992\" data-end=\"1022\">aucune inscription directe<\/strong> \u00e0 des services de jeu<\/p>\n<\/li>\n<li data-start=\"1045\" data-end=\"1109\">\n<p data-start=\"1047\" data-end=\"1109\">fournit uniquement des <strong data-start=\"1070\" data-end=\"1109\">contenus informatifs et comparatifs<\/strong><\/p>\n<\/li>\n<\/ul>\n<h3><strong data-start=\"1070\" data-end=\"1109\">Acc\u00e8s au site<\/strong><\/h3>\n<p data-start=\"1137\" data-end=\"1207\">L\u2019acc\u00e8s au Site est r\u00e9serv\u00e9 aux <strong data-start=\"1169\" data-end=\"1206\">personnes \u00e2g\u00e9es de 18 ans et plus<\/strong>.<\/p>\n<p data-start=\"1209\" data-end=\"1246\">En utilisant ce Site, vous d\u00e9clarez :<\/p>\n<ul data-start=\"1247\" data-end=\"1399\">\n<li data-start=\"1247\" data-end=\"1353\">\n<p data-start=\"1249\" data-end=\"1353\">\u00eatre l\u00e9galement autoris\u00e9 \u00e0 consulter des informations relatives aux jeux d\u2019argent dans votre juridiction<\/p>\n<\/li>\n<li data-start=\"1354\" data-end=\"1399\">\n<p data-start=\"1356\" data-end=\"1399\">\u00eatre majeur selon la l\u00e9gislation applicable<\/p>\n<\/li>\n<\/ul>\n<p data-start=\"1401\" data-end=\"1513\">https:\/\/inspector.casino\/\u00a0se r\u00e9serve le droit de restreindre ou suspendre l\u2019acc\u00e8s au Site \u00e0 tout moment, sans pr\u00e9avis.<\/p>\n<h3 data-start=\"1401\" data-end=\"1513\">Nos informations.<\/h3>\n<p data-start=\"1560\" data-end=\"1658\">Les informations publi\u00e9es sur https:\/\/inspector.casino\/ sont fournies \u00e0 titre <strong data-start=\"1632\" data-end=\"1657\">informatif uniquement<\/strong>.<\/p>\n<p data-start=\"1660\" data-end=\"1717\">Bien que nous nous efforcions de maintenir des contenus :<\/p>\n<ul data-start=\"1718\" data-end=\"1747\">\n<li data-start=\"1718\" data-end=\"1726\">\n<p data-start=\"1720\" data-end=\"1726\">exacts<\/p>\n<\/li>\n<li data-start=\"1727\" data-end=\"1735\">\n<p data-start=\"1729\" data-end=\"1735\">\u00e0 jour<\/p>\n<\/li>\n<li data-start=\"1736\" data-end=\"1747\">\n<p data-start=\"1738\" data-end=\"1747\">objectifs<\/p>\n<\/li>\n<\/ul>\n<p data-start=\"1749\" data-end=\"1868\">https:\/\/inspector.casino\/\u00a0ne garantit pas l\u2019exactitude, l\u2019exhaustivit\u00e9 ou l\u2019actualit\u00e9 permanente des informations pr\u00e9sent\u00e9es.<\/p>\n<p data-start=\"1870\" data-end=\"1948\">Les offres, bonus, conditions et r\u00e9glementations peuvent \u00e9voluer sans pr\u00e9avis.<\/p>\n<h2 data-start=\"1870\" data-end=\"1948\">Liens d\u2019affiliation et transparence<\/h2>\n<p data-start=\"1998\" data-end=\"2101\">https:\/\/inspector.casino\/\u00a0peut contenir des <strong data-start=\"2036\" data-end=\"2059\">liens d\u2019affiliation<\/strong> vers des sites de casinos en ligne tiers.<\/p>\n<p data-start=\"2103\" data-end=\"2122\">Cela signifie que :<\/p>\n<ul data-start=\"2123\" data-end=\"2283\">\n<li data-start=\"2123\" data-end=\"2204\">\n<p data-start=\"2125\" data-end=\"2204\">Le Site peut percevoir une commission si un utilisateur s\u2019inscrit via ces liens.<\/p>\n<\/li>\n<li data-start=\"2205\" data-end=\"2283\">\n<p data-start=\"2207\" data-end=\"2283\">cette commission n\u2019entra\u00eene <strong data-start=\"2235\" data-end=\"2264\">aucun co\u00fbt suppl\u00e9mentaire<\/strong> pour l\u2019utilisateur.<\/p>\n<\/li>\n<\/ul>\n<p data-start=\"2285\" data-end=\"2406\"><strong>NB : les<\/strong>\u00a0partenariats n\u2019influencent <strong data-start=\"2319\" data-end=\"2335\">en aucun cas<\/strong> les \u00e9valuations, classements ou recommandations pr\u00e9sent\u00e9s sur le Site.<\/p>\n<h3 data-start=\"2285\" data-end=\"2406\">Responsabilit\u00e9 de l&rsquo;utilisateur.<\/h3>\n<p data-start=\"2452\" data-end=\"2481\">L\u2019utilisateur reconna\u00eet que :<\/p>\n<ul data-start=\"2482\" data-end=\"2791\">\n<li data-start=\"2482\" data-end=\"2563\">\n<p data-start=\"2484\" data-end=\"2563\">l\u2019utilisation des informations du Site se fait sous sa <strong data-start=\"2539\" data-end=\"2563\">seule responsabilit\u00e9.<\/strong><\/p>\n<\/li>\n<li data-start=\"2564\" data-end=\"2657\">\n<p data-start=\"2566\" data-end=\"2657\">Il lui appartient de v\u00e9rifier la l\u00e9galit\u00e9 des jeux d\u2019argent dans sa province ou juridiction.<\/p>\n<\/li>\n<li data-start=\"2658\" data-end=\"2791\">\n<p data-start=\"2660\" data-end=\"2791\">InspecteurCasino.ca ne peut \u00eatre tenu responsable des pertes financi\u00e8res ou dommages li\u00e9s \u00e0 l\u2019utilisation de services de jeux tiers.<\/p>\n<\/li>\n<\/ul>\n<p>Pour toute question relative aux pr\u00e9sentes conditions d\u2019utilisation, vous pouvez nous contacter via la page <a href=\"https:\/\/inspector.casino\/en\/contactez-nous\/\">Contact du Site<\/a>.<\/p>\n<p>&nbsp;<\/p>\n<p>[\/et_pb_text][\/et_pb_column][\/et_pb_row][\/et_pb_section]<\/p>","protected":false},"excerpt":{"rendered":"<p>Les pr\u00e9sentes conditions d\u2019utilisation r\u00e9gissent l\u2019acc\u00e8s et l\u2019utilisation du site https:\/\/inspector.casino\/.En acc\u00e9dant au Site, vous acceptez pleinement et sans r\u00e9serve les pr\u00e9sentes conditions. Si vous n\u2019acceptez pas ces conditions, veuillez ne pas utiliser ce Site. Objectif du site. https:\/\/inspector.casino\/\u00a0est un site d\u2019information et de comparaison d\u00e9di\u00e9 aux casinos en ligne accessibles aux joueurs N\u00e9o-Z\u00e9landais. Le [&hellip;]<\/p>","protected":false},"author":1,"featured_media":0,"parent":0,"menu_order":0,"comment_status":"closed","ping_status":"closed","template":"","meta":{"_acf_changed":false,"_et_pb_use_builder":"on","_et_pb_old_content":"","_et_gb_content_width":"","footnotes":""},"acf":[],"yoast_head":"<!-- This site is optimized with the Yoast SEO plugin v22.9 - https:\/\/yoast.com\/wordpress\/plugins\/seo\/ -->\n<title>Conditions d&#039;utilisation - Inspecteur Casino<\/title>\n<meta name=\"robots\" content=\"index, follow, max-snippet:-1, max-image-preview:large, max-video-preview:-1\" \/>\n<link rel=\"canonical\" href=\"https:\/\/inspector.casino\/en\/conditions-dutilisation\/\" \/>\n<meta property=\"og:locale\" content=\"en_US\" \/>\n<meta property=\"og:type\" content=\"article\" \/>\n<meta property=\"og:title\" content=\"Conditions d&#039;utilisation - Inspecteur Casino\" \/>\n<meta property=\"og:description\" content=\"Les pr\u00e9sentes conditions d\u2019utilisation r\u00e9gissent l\u2019acc\u00e8s et l\u2019utilisation du site https:\/\/inspector.casino\/.En acc\u00e9dant au Site, vous acceptez pleinement et sans r\u00e9serve les pr\u00e9sentes conditions. Si vous n\u2019acceptez pas ces conditions, veuillez ne pas utiliser ce Site. Objectif du site. https:\/\/inspector.casino\/\u00a0est un site d\u2019information et de comparaison d\u00e9di\u00e9 aux casinos en ligne accessibles aux joueurs N\u00e9o-Z\u00e9landais. Le [&hellip;]\" \/>\n<meta property=\"og:url\" content=\"https:\/\/inspector.casino\/en\/conditions-dutilisation\/\" \/>\n<meta property=\"og:site_name\" content=\"Inspecteur Casino\" \/>\n<meta property=\"article:modified_time\" content=\"2026-02-03T10:36:14+00:00\" \/>\n<meta name=\"twitter:card\" content=\"summary_large_image\" \/>\n<script type=\"application\/ld+json\" class=\"yoast-schema-graph\">{\"@context\":\"https:\/\/schema.org\",\"@graph\":[{\"@type\":\"WebPage\",\"@id\":\"https:\/\/inspector.casino\/conditions-dutilisation\/\",\"url\":\"https:\/\/inspector.casino\/conditions-dutilisation\/\",\"name\":\"Conditions d'utilisation - Inspecteur Casino\",\"isPartOf\":{\"@id\":\"https:\/\/inspector.casino\/#website\"},\"datePublished\":\"2026-01-14T05:04:47+00:00\",\"dateModified\":\"2026-02-03T10:36:14+00:00\",\"breadcrumb\":{\"@id\":\"https:\/\/inspector.casino\/conditions-dutilisation\/#breadcrumb\"},\"inLanguage\":\"en-US\",\"potentialAction\":[{\"@type\":\"ReadAction\",\"target\":[\"https:\/\/inspector.casino\/conditions-dutilisation\/\"]}]},{\"@type\":\"BreadcrumbList\",\"@id\":\"https:\/\/inspector.casino\/conditions-dutilisation\/#breadcrumb\",\"itemListElement\":[{\"@type\":\"ListItem\",\"position\":1,\"name\":\"Accueil\",\"item\":\"https:\/\/inspector.casino\/\"},{\"@type\":\"ListItem\",\"position\":2,\"name\":\"Conditions d&rsquo;utilisation\"}]},{\"@type\":\"WebSite\",\"@id\":\"https:\/\/inspector.casino\/#website\",\"url\":\"https:\/\/inspector.casino\/\",\"name\":\"Inspecteur Casino\",\"description\":\"Les meilleurs casinos en ligne Canadiens\",\"potentialAction\":[{\"@type\":\"SearchAction\",\"target\":{\"@type\":\"EntryPoint\",\"urlTemplate\":\"https:\/\/inspector.casino\/?s={search_term_string}\"},\"query-input\":\"required name=search_term_string\"}],\"inLanguage\":\"en-US\"}]}<\/script>\n<!-- \/ Yoast SEO plugin. -->","yoast_head_json":{"title":"Conditions d'utilisation - Inspecteur Casino","robots":{"index":"index","follow":"follow","max-snippet":"max-snippet:-1","max-image-preview":"max-image-preview:large","max-video-preview":"max-video-preview:-1"},"canonical":"https:\/\/inspector.casino\/en\/conditions-dutilisation\/","og_locale":"en_US","og_type":"article","og_title":"Conditions d'utilisation - Inspecteur Casino","og_description":"Les pr\u00e9sentes conditions d\u2019utilisation r\u00e9gissent l\u2019acc\u00e8s et l\u2019utilisation du site https:\/\/inspector.casino\/.En acc\u00e9dant au Site, vous acceptez pleinement et sans r\u00e9serve les pr\u00e9sentes conditions. Si vous n\u2019acceptez pas ces conditions, veuillez ne pas utiliser ce Site. Objectif du site. https:\/\/inspector.casino\/\u00a0est un site d\u2019information et de comparaison d\u00e9di\u00e9 aux casinos en ligne accessibles aux joueurs N\u00e9o-Z\u00e9landais. Le [&hellip;]","og_url":"https:\/\/inspector.casino\/en\/conditions-dutilisation\/","og_site_name":"Inspecteur Casino","article_modified_time":"2026-02-03T10:36:14+00:00","twitter_card":"summary_large_image","schema":{"@context":"https:\/\/schema.org","@graph":[{"@type":"WebPage","@id":"https:\/\/inspector.casino\/conditions-dutilisation\/","url":"https:\/\/inspector.casino\/conditions-dutilisation\/","name":"Conditions d'utilisation - Inspecteur Casino","isPartOf":{"@id":"https:\/\/inspector.casino\/#website"},"datePublished":"2026-01-14T05:04:47+00:00","dateModified":"2026-02-03T10:36:14+00:00","breadcrumb":{"@id":"https:\/\/inspector.casino\/conditions-dutilisation\/#breadcrumb"},"inLanguage":"en-US","potentialAction":[{"@type":"ReadAction","target":["https:\/\/inspector.casino\/conditions-dutilisation\/"]}]},{"@type":"BreadcrumbList","@id":"https:\/\/inspector.casino\/conditions-dutilisation\/#breadcrumb","itemListElement":[{"@type":"ListItem","position":1,"name":"Accueil","item":"https:\/\/inspector.casino\/"},{"@type":"ListItem","position":2,"name":"Conditions d&rsquo;utilisation"}]},{"@type":"WebSite","@id":"https:\/\/inspector.casino\/#website","url":"https:\/\/inspector.casino\/","name":"Inspecteur Casino","description":"Les meilleurs casinos en ligne Canadiens","potentialAction":[{"@type":"SearchAction","target":{"@type":"EntryPoint","urlTemplate":"https:\/\/inspector.casino\/?s={search_term_string}"},"query-input":"required name=search_term_string"}],"inLanguage":"en-US"}]}},"_hostinger_reach_plugin_has_subscription_block":false,"_hostinger_reach_plugin_is_elementor":false,"_links":{"self":[{"href":"https:\/\/inspector.casino\/en\/wp-json\/wp\/v2\/pages\/6869"}],"collection":[{"href":"https:\/\/inspector.casino\/en\/wp-json\/wp\/v2\/pages"}],"about":[{"href":"https:\/\/inspector.casino\/en\/wp-json\/wp\/v2\/types\/page"}],"author":[{"embeddable":true,"href":"https:\/\/inspector.casino\/en\/wp-json\/wp\/v2\/users\/1"}],"replies":[{"embeddable":true,"href":"https:\/\/inspector.casino\/en\/wp-json\/wp\/v2\/comments?post=6869"}],"version-history":[{"count":4,"href":"https:\/\/inspector.casino\/en\/wp-json\/wp\/v2\/pages\/6869\/revisions"}],"predecessor-version":[{"id":6891,"href":"https:\/\/inspector.casino\/en\/wp-json\/wp\/v2\/pages\/6869\/revisions\/6891"}],"wp:attachment":[{"href":"https:\/\/inspector.casino\/en\/wp-json\/wp\/v2\/media?parent=6869"}],"curies":[{"name":"wp","href":"https:\/\/api.w.org\/{rel}","templated":true}]}}