{"id":6836,"date":"2026-01-12T23:04:50","date_gmt":"2026-01-12T23:04:50","guid":{"rendered":"https:\/\/inspecteurcasino.ca\/?page_id=6836"},"modified":"2026-02-03T10:31:55","modified_gmt":"2026-02-03T10:31:55","slug":"qui-sommes-nous","status":"publish","type":"page","link":"https:\/\/inspector.casino\/en\/qui-sommes-nous\/","title":{"rendered":"Qui sommes-nous ?"},"content":{"rendered":"<p>[et_pb_section fb_built=\u00a0\u00bb1&Prime; _builder_version=\u00a0\u00bb4.27.5&Prime; _module_preset=\u00a0\u00bbdefault\u00a0\u00bb global_colors_info=\u00a0\u00bb{}\u00a0\u00bb][et_pb_row _builder_version=\u00a0\u00bb4.27.5&Prime; _module_preset=\u00a0\u00bbdefault\u00a0\u00bb global_colors_info=\u00a0\u00bb{}\u00a0\u00bb][et_pb_column type=\u00a0\u00bb4_4&Prime; _builder_version=\u00a0\u00bb4.27.5&Prime; _module_preset=\u00a0\u00bbdefault\u00a0\u00bb global_colors_info=\u00a0\u00bb{}\u00a0\u00bb][et_pb_text _builder_version=\u00a0\u00bb4.27.5&Prime; _module_preset=\u00a0\u00bbdefault\u00a0\u00bb text_font=\u00a0\u00bbArial||||||||\u00a0\u00bb text_text_color=\u00a0\u00bb#000000&Prime; text_font_size=\u00a0\u00bb16px\u00a0\u00bb header_2_font=\u00a0\u00bbArsenal|700|||||||\u00a0\u00bb header_2_text_color=\u00a0\u00bb#c1005a\u00a0\u00bb header_3_font=\u00a0\u00bbArsenal|700|||||||\u00a0\u00bb header_3_text_color=\u00a0\u00bb#000000&Prime; header_3_font_size=\u00a0\u00bb20px\u00a0\u00bb custom_margin=\u00a0\u00bb||0px|||\u00a0\u00bb hover_enabled=\u00a0\u00bb0&Prime; text_font_tablet=\u00a0\u00bbArial||||||||\u00a0\u00bb text_font_phone=\u00a0\u00bbDefault||||||||\u00a0\u00bb text_font_last_edited=\u00a0\u00bbon|phone\u00a0\u00bb text_font_size_tablet=\u00a0\u00bb16px\u00a0\u00bb text_font_size_phone=\u00a0\u00bb16px\u00a0\u00bb text_font_size_last_edited=\u00a0\u00bbon|desktop\u00a0\u00bb global_colors_info=\u00a0\u00bb{}\u00a0\u00bb sticky_enabled=\u00a0\u00bb0&Prime;]<\/p>\n<p>Inspecteur Casino\u00a0 est une \u00e9quipe d&rsquo;experts du casino en ligne canadien\u00a0 par Philippe Vidal et d\u00e9di\u00e9e compl\u00e8tement \u00e0 l\u2019analyse et \u00e0 la comparaison des <a href=\"https:\/\/inspector.casino\/en\/\">meilleurs casinos en ligne accessibles aux joueurs N\u00e9o-Z\u00e9landais <\/a>.<br \/>Notre mission est simple : aider les joueurs N\u00e9o-Z\u00e9landais \u00e0 identifier des plateformes de jeu fiables, s\u00e9curis\u00e9es et transparentes, tout en favorisant une pratique responsable du jeu en ligne.<\/p>\n<h2>Une expertise orient\u00e9e vers le march\u00e9 N\u00e9o-Z\u00e9landais<\/h2>\n<p data-start=\"1375\" data-end=\"1638\">La Nouvelle-Z\u00e9lande poss\u00e8de un cadre de jeu en ligne clair et r\u00e9glemente.<br data-start=\"1476\" data-end=\"1479\" \/>Notre \u00e9quipe d&rsquo;experts\u00a0 s\u2019efforce de rester inform\u00e9e des \u00e9volutions du march\u00e9 afin de proposer un contenu <strong data-start=\"1574\" data-end=\"1606\">adapt\u00e9 aux joueurs N\u00e9o-Z\u00e9landais<\/strong>, notamment en ce qui concerne :<\/p>\n<ul data-start=\"1640\" data-end=\"1885\">\n<li data-start=\"1640\" data-end=\"1696\">\n<p data-start=\"1642\" data-end=\"1696\">les casinos autoris\u00e9s \u00e0 accepter des<img loading=\"lazy\" decoding=\"async\" src=\"https:\/\/inspector.casino\/wp-content\/uploads\/2026\/01\/inspecteurcasino.ca-qui-sommes-nous.png\" width=\"300\" height=\"300\" alt=\"inspecteurcasino.ca-qui sommes nous\" class=\"wp-image-6840 alignright size-full\" srcset=\"https:\/\/inspector.casino\/wp-content\/uploads\/2026\/01\/inspecteurcasino.ca-qui-sommes-nous.png 300w, https:\/\/inspector.casino\/wp-content\/uploads\/2026\/01\/inspecteurcasino.ca-qui-sommes-nous-150x150.png 150w\" sizes=\"(max-width: 300px) 100vw, 300px\" \/> joueurs N\u00e9o-Z\u00e9landais.<\/p>\n<\/li>\n<li data-start=\"1697\" data-end=\"1769\">\n<p data-start=\"1699\" data-end=\"1769\">les licences de jeu reconnues et accepte en nouvelle Zelande.<\/p>\n<\/li>\n<li data-start=\"1770\" data-end=\"1817\">\n<p data-start=\"1772\" data-end=\"1817\">les m\u00e9thodes de paiement populaires en nouvelle Zelande.<\/p>\n<\/li>\n<li data-start=\"1818\" data-end=\"1885\">\n<p data-start=\"1820\" data-end=\"1885\">les exigences en mati\u00e8re de s\u00e9curit\u00e9 et de protection des joueurs<\/p>\n<\/li>\n<\/ul>\n<h3 data-start=\"1887\" data-end=\"1954\">Notre engagement<\/h3>\n<ul data-start=\"3633\" data-end=\"3802\">\n<li data-start=\"3633\" data-end=\"3667\">\n<p data-start=\"3635\" data-end=\"3667\">\u2714 Information fiable et \u00e0 jour,<\/p>\n<\/li>\n<li data-start=\"3668\" data-end=\"3707\">\n<p data-start=\"3670\" data-end=\"3707\">\u2714 Contenu adapt\u00e9 au march\u00e9 N\u00e9o-Z\u00e9landais.<\/p>\n<\/li>\n<li data-start=\"3708\" data-end=\"3733\">\n<p data-start=\"3710\" data-end=\"3733\">\u2714 Transparence totale,<\/p>\n<\/li>\n<li data-start=\"3734\" data-end=\"3767\">\n<p data-start=\"3736\" data-end=\"3767\">\u2714 Respect des r\u00e9glementations,<\/p>\n<\/li>\n<li data-start=\"3768\" data-end=\"3802\">\n<p data-start=\"3770\" data-end=\"3802\">\u2714 Promotion du jeu responsable,<\/p>\n<\/li>\n<\/ul>\n<p data-start=\"3804\" data-end=\"3998\"><strong data-start=\"3804\" data-end=\"3836\">Inspecteur casino<\/strong> s\u2019engage \u00e0 \u00eatre une source d\u2019information de confiance pour les joueurs N\u00e9o-Z\u00e9landais souhaitant d\u00e9couvrir les casinos en ligne dans un cadre s\u00e9curis\u00e9 et responsable.<\/p>\n<h3 data-start=\"3804\" data-end=\"3998\">Notre mission<\/h3>\n<p data-start=\"816\" data-end=\"968\">Le secteur des casinos en ligne peut \u00eatre complexe et difficile \u00e0 comprendre, surtout face \u00e0 la diversit\u00e9 des offres disponibles sur le march\u00e9 du casino en ligne N\u00e9o-Z\u00e9landais.<\/p>\n<p data-start=\"970\" data-end=\"993\">Notre objectif est de :<img loading=\"lazy\" decoding=\"async\" src=\"https:\/\/inspector.casino\/wp-content\/uploads\/2020\/05\/cropped-logo-jeuxenligne-300x300.png\" width=\"196\" height=\"196\" alt=\"Comparatif des meilleurs casinos en ligne Canadien\" class=\"wp-image-516 alignright size-medium\" \/><\/p>\n<ul data-start=\"994\" data-end=\"1220\">\n<li data-start=\"994\" data-end=\"1046\">\n<p data-start=\"996\" data-end=\"1046\">fournir des <strong data-start=\"1008\" data-end=\"1046\">informations claires et objectives<\/strong><\/p>\n<\/li>\n<li data-start=\"1047\" data-end=\"1100\">\n<p data-start=\"1049\" data-end=\"1100\">comparer les casinos selon des <strong data-start=\"1080\" data-end=\"1100\">crit\u00e8res stricts<\/strong><\/p>\n<\/li>\n<li data-start=\"1101\" data-end=\"1156\">\n<p data-start=\"1103\" data-end=\"1156\">permettre aux joueurs de faire des <strong data-start=\"1138\" data-end=\"1156\">choix \u00e9clair\u00e9s<\/strong><\/p>\n<\/li>\n<li data-start=\"1157\" data-end=\"1220\">\n<p data-start=\"1159\" data-end=\"1220\">promouvoir une exp\u00e9rience de jeu <strong data-start=\"1192\" data-end=\"1220\">responsable et s\u00e9curis\u00e9e<\/strong><\/p>\n<\/li>\n<\/ul>\n<p data-start=\"1222\" data-end=\"1312\">Nous ne proposons <strong data-start=\"1240\" data-end=\"1265\">aucun jeu directement<\/strong> et <strong data-start=\"1269\" data-end=\"1296\">n\u2019acceptons aucun d\u00e9p\u00f4t<\/strong> sur notre site.<\/p>\n<h2 data-start=\"3804\" data-end=\"3998\">Jeu responsable.<\/h2>\n<p data-start=\"2983\" data-end=\"3060\">Nous croyons fermement que le jeu en ligne doit rester un <strong data-start=\"3041\" data-end=\"3059\">divertissement<\/strong>.<\/p>\n<p data-start=\"3062\" data-end=\"3247\">Le site est strictement r\u00e9serv\u00e9 aux <strong data-start=\"3098\" data-end=\"3135\">personnes \u00e2g\u00e9es de 18 ans et plus<\/strong>.<br data-start=\"3136\" data-end=\"3139\" \/>Nous encourageons tous les joueurs \u00e0 adopter une pratique responsable et \u00e0 demander de l\u2019aide (<a href=\"https:\/\/www.gamblinghelpline.co.nz\">https:\/\/www.gamblinghelpline.co.nz<\/a>) si n\u00e9cessaire.<\/p>\n<p>[\/et_pb_text][\/et_pb_column][\/et_pb_row][\/et_pb_section]<\/p>","protected":false},"excerpt":{"rendered":"<p>Inspecteur Casino\u00a0 est une \u00e9quipe d&rsquo;experts du casino en ligne canadien\u00a0 par Philippe Vidal et d\u00e9di\u00e9e compl\u00e8tement \u00e0 l\u2019analyse et \u00e0 la comparaison des meilleurs casinos en ligne accessibles aux joueurs N\u00e9o-Z\u00e9landais .Notre mission est simple : aider les joueurs N\u00e9o-Z\u00e9landais \u00e0 identifier des plateformes de jeu fiables, s\u00e9curis\u00e9es et transparentes, tout en favorisant une [&hellip;]<\/p>","protected":false},"author":1,"featured_media":0,"parent":0,"menu_order":0,"comment_status":"closed","ping_status":"closed","template":"","meta":{"_acf_changed":false,"_et_pb_use_builder":"on","_et_pb_old_content":"","_et_gb_content_width":"","footnotes":""},"acf":[],"yoast_head":"<!-- This site is optimized with the Yoast SEO plugin v22.9 - https:\/\/yoast.com\/wordpress\/plugins\/seo\/ -->\n<title>Qui sommes-nous ? - Inspecteur Casino<\/title>\n<meta name=\"robots\" content=\"index, follow, max-snippet:-1, max-image-preview:large, max-video-preview:-1\" \/>\n<link rel=\"canonical\" href=\"https:\/\/inspector.casino\/en\/qui-sommes-nous\/\" \/>\n<meta property=\"og:locale\" content=\"en_US\" \/>\n<meta property=\"og:type\" content=\"article\" \/>\n<meta property=\"og:title\" content=\"Qui sommes-nous ? - Inspecteur Casino\" \/>\n<meta property=\"og:description\" content=\"Inspecteur Casino\u00a0 est une \u00e9quipe d&#039;experts du casino en ligne canadien\u00a0 par Philippe Vidal et d\u00e9di\u00e9e compl\u00e8tement \u00e0 l\u2019analyse et \u00e0 la comparaison des meilleurs casinos en ligne accessibles aux joueurs N\u00e9o-Z\u00e9landais .Notre mission est simple : aider les joueurs N\u00e9o-Z\u00e9landais \u00e0 identifier des plateformes de jeu fiables, s\u00e9curis\u00e9es et transparentes, tout en favorisant une [&hellip;]\" \/>\n<meta property=\"og:url\" content=\"https:\/\/inspector.casino\/en\/qui-sommes-nous\/\" \/>\n<meta property=\"og:site_name\" content=\"Inspecteur Casino\" \/>\n<meta property=\"article:modified_time\" content=\"2026-02-03T10:31:55+00:00\" \/>\n<meta property=\"og:image\" content=\"https:\/\/inspector.casino\/wp-content\/uploads\/2026\/01\/inspecteurcasino.ca-qui-sommes-nous.png\" \/>\n<meta name=\"twitter:card\" content=\"summary_large_image\" \/>\n<meta name=\"twitter:label1\" content=\"Est. reading time\" \/>\n\t<meta name=\"twitter:data1\" content=\"2 minutes\" \/>\n<script type=\"application\/ld+json\" class=\"yoast-schema-graph\">{\"@context\":\"https:\/\/schema.org\",\"@graph\":[{\"@type\":\"WebPage\",\"@id\":\"https:\/\/inspector.casino\/qui-sommes-nous\/\",\"url\":\"https:\/\/inspector.casino\/qui-sommes-nous\/\",\"name\":\"Qui sommes-nous ? - Inspecteur Casino\",\"isPartOf\":{\"@id\":\"https:\/\/inspector.casino\/#website\"},\"primaryImageOfPage\":{\"@id\":\"https:\/\/inspector.casino\/qui-sommes-nous\/#primaryimage\"},\"image\":{\"@id\":\"https:\/\/inspector.casino\/qui-sommes-nous\/#primaryimage\"},\"thumbnailUrl\":\"https:\/\/inspector.casino\/wp-content\/uploads\/2026\/01\/inspecteurcasino.ca-qui-sommes-nous.png\",\"datePublished\":\"2026-01-12T23:04:50+00:00\",\"dateModified\":\"2026-02-03T10:31:55+00:00\",\"breadcrumb\":{\"@id\":\"https:\/\/inspector.casino\/qui-sommes-nous\/#breadcrumb\"},\"inLanguage\":\"en-US\",\"potentialAction\":[{\"@type\":\"ReadAction\",\"target\":[\"https:\/\/inspector.casino\/qui-sommes-nous\/\"]}]},{\"@type\":\"ImageObject\",\"inLanguage\":\"en-US\",\"@id\":\"https:\/\/inspector.casino\/qui-sommes-nous\/#primaryimage\",\"url\":\"https:\/\/inspector.casino\/wp-content\/uploads\/2026\/01\/inspecteurcasino.ca-qui-sommes-nous.png\",\"contentUrl\":\"https:\/\/inspector.casino\/wp-content\/uploads\/2026\/01\/inspecteurcasino.ca-qui-sommes-nous.png\"},{\"@type\":\"BreadcrumbList\",\"@id\":\"https:\/\/inspector.casino\/qui-sommes-nous\/#breadcrumb\",\"itemListElement\":[{\"@type\":\"ListItem\",\"position\":1,\"name\":\"Accueil\",\"item\":\"https:\/\/inspector.casino\/\"},{\"@type\":\"ListItem\",\"position\":2,\"name\":\"Qui sommes-nous ?\"}]},{\"@type\":\"WebSite\",\"@id\":\"https:\/\/inspector.casino\/#website\",\"url\":\"https:\/\/inspector.casino\/\",\"name\":\"Inspecteur Casino\",\"description\":\"Les meilleurs casinos en ligne Canadiens\",\"potentialAction\":[{\"@type\":\"SearchAction\",\"target\":{\"@type\":\"EntryPoint\",\"urlTemplate\":\"https:\/\/inspector.casino\/?s={search_term_string}\"},\"query-input\":\"required name=search_term_string\"}],\"inLanguage\":\"en-US\"}]}<\/script>\n<!-- \/ Yoast SEO plugin. -->","yoast_head_json":{"title":"Qui sommes-nous ? - Inspecteur Casino","robots":{"index":"index","follow":"follow","max-snippet":"max-snippet:-1","max-image-preview":"max-image-preview:large","max-video-preview":"max-video-preview:-1"},"canonical":"https:\/\/inspector.casino\/en\/qui-sommes-nous\/","og_locale":"en_US","og_type":"article","og_title":"Qui sommes-nous ? - Inspecteur Casino","og_description":"Inspecteur Casino\u00a0 est une \u00e9quipe d'experts du casino en ligne canadien\u00a0 par Philippe Vidal et d\u00e9di\u00e9e compl\u00e8tement \u00e0 l\u2019analyse et \u00e0 la comparaison des meilleurs casinos en ligne accessibles aux joueurs N\u00e9o-Z\u00e9landais .Notre mission est simple : aider les joueurs N\u00e9o-Z\u00e9landais \u00e0 identifier des plateformes de jeu fiables, s\u00e9curis\u00e9es et transparentes, tout en favorisant une [&hellip;]","og_url":"https:\/\/inspector.casino\/en\/qui-sommes-nous\/","og_site_name":"Inspecteur Casino","article_modified_time":"2026-02-03T10:31:55+00:00","og_image":[{"url":"https:\/\/inspector.casino\/wp-content\/uploads\/2026\/01\/inspecteurcasino.ca-qui-sommes-nous.png"}],"twitter_card":"summary_large_image","twitter_misc":{"Est. reading time":"2 minutes"},"schema":{"@context":"https:\/\/schema.org","@graph":[{"@type":"WebPage","@id":"https:\/\/inspector.casino\/qui-sommes-nous\/","url":"https:\/\/inspector.casino\/qui-sommes-nous\/","name":"Qui sommes-nous ? - Inspecteur Casino","isPartOf":{"@id":"https:\/\/inspector.casino\/#website"},"primaryImageOfPage":{"@id":"https:\/\/inspector.casino\/qui-sommes-nous\/#primaryimage"},"image":{"@id":"https:\/\/inspector.casino\/qui-sommes-nous\/#primaryimage"},"thumbnailUrl":"https:\/\/inspector.casino\/wp-content\/uploads\/2026\/01\/inspecteurcasino.ca-qui-sommes-nous.png","datePublished":"2026-01-12T23:04:50+00:00","dateModified":"2026-02-03T10:31:55+00:00","breadcrumb":{"@id":"https:\/\/inspector.casino\/qui-sommes-nous\/#breadcrumb"},"inLanguage":"en-US","potentialAction":[{"@type":"ReadAction","target":["https:\/\/inspector.casino\/qui-sommes-nous\/"]}]},{"@type":"ImageObject","inLanguage":"en-US","@id":"https:\/\/inspector.casino\/qui-sommes-nous\/#primaryimage","url":"https:\/\/inspector.casino\/wp-content\/uploads\/2026\/01\/inspecteurcasino.ca-qui-sommes-nous.png","contentUrl":"https:\/\/inspector.casino\/wp-content\/uploads\/2026\/01\/inspecteurcasino.ca-qui-sommes-nous.png"},{"@type":"BreadcrumbList","@id":"https:\/\/inspector.casino\/qui-sommes-nous\/#breadcrumb","itemListElement":[{"@type":"ListItem","position":1,"name":"Accueil","item":"https:\/\/inspector.casino\/"},{"@type":"ListItem","position":2,"name":"Qui sommes-nous ?"}]},{"@type":"WebSite","@id":"https:\/\/inspector.casino\/#website","url":"https:\/\/inspector.casino\/","name":"Inspecteur Casino","description":"Les meilleurs casinos en ligne Canadiens","potentialAction":[{"@type":"SearchAction","target":{"@type":"EntryPoint","urlTemplate":"https:\/\/inspector.casino\/?s={search_term_string}"},"query-input":"required name=search_term_string"}],"inLanguage":"en-US"}]}},"_hostinger_reach_plugin_has_subscription_block":false,"_hostinger_reach_plugin_is_elementor":false,"_links":{"self":[{"href":"https:\/\/inspector.casino\/en\/wp-json\/wp\/v2\/pages\/6836"}],"collection":[{"href":"https:\/\/inspector.casino\/en\/wp-json\/wp\/v2\/pages"}],"about":[{"href":"https:\/\/inspector.casino\/en\/wp-json\/wp\/v2\/types\/page"}],"author":[{"embeddable":true,"href":"https:\/\/inspector.casino\/en\/wp-json\/wp\/v2\/users\/1"}],"replies":[{"embeddable":true,"href":"https:\/\/inspector.casino\/en\/wp-json\/wp\/v2\/comments?post=6836"}],"version-history":[{"count":8,"href":"https:\/\/inspector.casino\/en\/wp-json\/wp\/v2\/pages\/6836\/revisions"}],"predecessor-version":[{"id":6890,"href":"https:\/\/inspector.casino\/en\/wp-json\/wp\/v2\/pages\/6836\/revisions\/6890"}],"wp:attachment":[{"href":"https:\/\/inspector.casino\/en\/wp-json\/wp\/v2\/media?parent=6836"}],"curies":[{"name":"wp","href":"https:\/\/api.w.org\/{rel}","templated":true}]}}