{"id":201,"date":"2020-04-20T13:58:09","date_gmt":"2020-04-20T13:58:09","guid":{"rendered":"https:\/\/jeuxenligne.votreguide.fr\/?page_id=201"},"modified":"2026-02-03T13:00:24","modified_gmt":"2026-02-03T13:00:24","slug":"politique-de-confidentialite","status":"publish","type":"page","link":"https:\/\/inspector.casino\/en\/politique-de-confidentialite\/","title":{"rendered":"Politique de confidentialit\u00e9"},"content":{"rendered":"<p>[et_pb_section fb_built=\u00a0\u00bb1&Prime; _builder_version=\u00a0\u00bb4.16&Prime; background_color=\u00a0\u00bb#f7f7f7&Prime; custom_padding=\u00a0\u00bb24px||19px|||\u00a0\u00bb global_colors_info=\u00a0\u00bb{}\u00a0\u00bb][et_pb_row _builder_version=\u00a0\u00bb4.16&Prime; custom_padding=\u00a0\u00bb15px||8px|||\u00a0\u00bb global_colors_info=\u00a0\u00bb{}\u00a0\u00bb][et_pb_column type=\u00a0\u00bb4_4&Prime; _builder_version=\u00a0\u00bb4.16&Prime; global_colors_info=\u00a0\u00bb{}\u00a0\u00bb][et_pb_text _builder_version=\u00a0\u00bb4.16&Prime; _dynamic_attributes=\u00a0\u00bbcontent\u00a0\u00bb header_font=\u00a0\u00bbArsenal|700|||||||\u00a0\u00bb header_text_color=\u00a0\u00bb#000000&Prime; custom_padding=\u00a0\u00bb||0px|||\u00a0\u00bb global_colors_info=\u00a0\u00bb{}\u00a0\u00bb]@ET-DC@eyJkeW5hbWljIjp0cnVlLCJjb250ZW50IjoicG9zdF90aXRsZSIsInNldHRpbmdzIjp7ImJlZm9yZSI6IjxoMT4iLCJhZnRlciI6IjxoMT4ifX0=@[\/et_pb_text][\/et_pb_column][\/et_pb_row][\/et_pb_section][et_pb_section fb_built=\u00a0\u00bb1&Prime; _builder_version=\u00a0\u00bb4.16&Prime; background_color=\u00a0\u00bb#f7f7f7&Prime; custom_margin=\u00a0\u00bb-6px|||||\u00a0\u00bb custom_padding=\u00a0\u00bb24px||19px|||\u00a0\u00bb global_colors_info=\u00a0\u00bb{}\u00a0\u00bb][et_pb_row _builder_version=\u00a0\u00bb4.16&Prime; width=\u00a0\u00bb95%\u00a0\u00bb custom_margin=\u00a0\u00bb-8px|auto||auto||\u00a0\u00bb custom_padding=\u00a0\u00bb15px|||||\u00a0\u00bb global_colors_info=\u00a0\u00bb{}\u00a0\u00bb][et_pb_column type=\u00a0\u00bb4_4&Prime; _builder_version=\u00a0\u00bb4.16&Prime; global_colors_info=\u00a0\u00bb{}\u00a0\u00bb][et_pb_text _builder_version=\u00a0\u00bb4.27.5&Prime; text_font=\u00a0\u00bbArial||||||||\u00a0\u00bb text_text_color=\u00a0\u00bb#000000&Prime; text_font_size=\u00a0\u00bb16px\u00a0\u00bb header_2_font=\u00a0\u00bbArsenal|700|||||||\u00a0\u00bb header_2_text_color=\u00a0\u00bb#c1005a\u00a0\u00bb header_3_font=\u00a0\u00bbArsenal|700|||||||\u00a0\u00bb header_3_text_color=\u00a0\u00bb#000000&Prime; header_3_font_size=\u00a0\u00bb20px\u00a0\u00bb custom_margin=\u00a0\u00bb||20px|||\u00a0\u00bb text_font_tablet=\u00a0\u00bb\u00a0\u00bb text_font_phone=\u00a0\u00bbDefault||||||||\u00a0\u00bb text_font_last_edited=\u00a0\u00bbon|phone\u00a0\u00bb text_font_size_tablet=\u00a0\u00bb\u00a0\u00bb text_font_size_phone=\u00a0\u00bb16px\u00a0\u00bb text_font_size_last_edited=\u00a0\u00bbon|desktop\u00a0\u00bb global_colors_info=\u00a0\u00bb{}\u00a0\u00bb]<\/p>\n<p>La pr\u00e9sente politique de confidentialit\u00e9 d\u00e9crit comment https:\/\/inspector.casino (ci-apr\u00e8s \u00ab le Site \u00bb) collecte, utilise et prot\u00e8ge les donn\u00e9es personnelles des utilisateurs.<\/p>\n<p>En utilisant le Site, vous acceptez les pratiques d\u00e9crites dans cette politique. Le responsable du traitement des donn\u00e9es personnelles est :<\/p>\n<p>Site web : <a href=\"https:\/\/inspector.casino\/en\/\">https:\/\/inspector.casino<\/a><\/p>\n<p>Contact : contact@https:\/\/inspector.casino<\/p>\n<h2>Donn\u00e9es collect\u00e9es.<\/h2>\n<p>https:\/\/inspector.casino\u00a0peut collecter les cat\u00e9gories de donn\u00e9es suivantes :<\/p>\n<h3>Donn\u00e9es fournies volontairement.<\/h3>\n<ul>\n<li data-start=\"1056\" data-end=\"1116\">\n<p data-start=\"1058\" data-end=\"1116\">Adresse e-mail (via formulaire de contact, le cas \u00e9ch\u00e9ant)<\/p>\n<\/li>\n<li data-start=\"1117\" data-end=\"1147\">\n<p data-start=\"1119\" data-end=\"1147\">Contenu des messages envoy\u00e9s<\/p>\n<\/li>\n<\/ul>\n<h3 data-start=\"1149\" data-end=\"1191\">Donn\u00e9es collect\u00e9es automatiquement.<\/h3>\n<p data-start=\"1192\" data-end=\"1286\">Lors de la navigation sur le Site, certaines donn\u00e9es peuvent \u00eatre collect\u00e9es automatiquement :<\/p>\n<ul data-start=\"1287\" data-end=\"1459\">\n<li data-start=\"1287\" data-end=\"1326\">\n<p data-start=\"1289\" data-end=\"1326\">Adresse IP (partiellement anonymis\u00e9e)<\/p>\n<\/li>\n<li data-start=\"1327\" data-end=\"1347\">\n<p data-start=\"1329\" data-end=\"1347\">Type de navigateur<\/p>\n<\/li>\n<li data-start=\"1348\" data-end=\"1372\">\n<p data-start=\"1350\" data-end=\"1372\">Syst\u00e8me d\u2019exploitation<\/p>\n<\/li>\n<li data-start=\"1373\" data-end=\"1391\">\n<p data-start=\"1375\" data-end=\"1391\">Pages consult\u00e9es<\/p>\n<\/li>\n<li data-start=\"1392\" data-end=\"1423\">\n<p data-start=\"1394\" data-end=\"1423\">Date et heure de consultation<\/p>\n<\/li>\n<li data-start=\"1424\" data-end=\"1459\">\n<p data-start=\"1426\" data-end=\"1459\">Donn\u00e9es de navigation anonymis\u00e9es<\/p>\n<\/li>\n<\/ul>\n<h2 data-start=\"1466\" data-end=\"1495\">Finalit\u00e9s du traitement<\/h2>\n<p data-start=\"1497\" data-end=\"1552\">Les donn\u00e9es collect\u00e9es sont utilis\u00e9es uniquement pour :<\/p>\n<ul data-start=\"1553\" data-end=\"1761\">\n<li data-start=\"1553\" data-end=\"1593\">\n<p data-start=\"1555\" data-end=\"1593\">r\u00e9pondre aux demandes des utilisateurs<\/p>\n<\/li>\n<li data-start=\"1594\" data-end=\"1645\">\n<p data-start=\"1596\" data-end=\"1645\">am\u00e9liorer le fonctionnement et le contenu du Site<\/p>\n<\/li>\n<li data-start=\"1646\" data-end=\"1695\">\n<p data-start=\"1648\" data-end=\"1695\">analyser l\u2019audience et les performances du Site<\/p>\n<\/li>\n<li data-start=\"1696\" data-end=\"1725\">\n<p data-start=\"1698\" data-end=\"1725\">assurer la s\u00e9curit\u00e9 du Site<\/p>\n<\/li>\n<li data-start=\"1726\" data-end=\"1761\">\n<p data-start=\"1728\" data-end=\"1761\">respecter les obligations l\u00e9gales<\/p>\n<\/li>\n<\/ul>\n<p data-start=\"1763\" data-end=\"1850\">Aucune donn\u00e9e personnelle n\u2019est utilis\u00e9e \u00e0 des fins de prospection commerciale directe.<\/p>\n<h2 data-start=\"1857\" data-end=\"1895\">Base l\u00e9gale du traitement (RGPD)<\/h2>\n<p data-start=\"1897\" data-end=\"2038\">Conform\u00e9ment au R\u00e8glement g\u00e9n\u00e9ral sur la protection des donn\u00e9es (RGPD), les traitements de donn\u00e9es reposent sur les bases l\u00e9gales suivantes :<\/p>\n<ul data-start=\"2039\" data-end=\"2170\">\n<li data-start=\"2039\" data-end=\"2074\">\n<p data-start=\"2041\" data-end=\"2074\"><strong data-start=\"2041\" data-end=\"2057\">Consentement<\/strong> de l\u2019utilisateur<\/p>\n<\/li>\n<li data-start=\"2075\" data-end=\"2130\">\n<p data-start=\"2077\" data-end=\"2130\"><strong data-start=\"2077\" data-end=\"2097\">Int\u00e9r\u00eat l\u00e9gitime<\/strong> (am\u00e9lioration du site, s\u00e9curit\u00e9)<\/p>\n<\/li>\n<li data-start=\"2131\" data-end=\"2170\">\n<p data-start=\"2133\" data-end=\"2170\"><strong data-start=\"2133\" data-end=\"2154\">Obligation l\u00e9gale<\/strong>, le cas \u00e9ch\u00e9ant<\/p>\n<\/li>\n<\/ul>\n<h2 data-start=\"2177\" data-end=\"2217\">Cookies et technologies similaires<\/h2>\n<p data-start=\"2219\" data-end=\"2268\">https:\/\/inspector.casino\u00a0utilise des cookies afin de :<\/p>\n<ul data-start=\"2269\" data-end=\"2355\">\n<li data-start=\"2269\" data-end=\"2297\">\n<p data-start=\"2271\" data-end=\"2297\">mesurer l\u2019audience du Site<\/p>\n<\/li>\n<li data-start=\"2298\" data-end=\"2334\">\n<p data-start=\"2300\" data-end=\"2334\">am\u00e9liorer l\u2019exp\u00e9rience utilisateur<\/p>\n<\/li>\n<li data-start=\"2335\" data-end=\"2355\">\n<p data-start=\"2337\" data-end=\"2355\">analyser le trafic<\/p>\n<\/li>\n<\/ul>\n<h3 data-start=\"2357\" data-end=\"2388\">Types de cookies utilis\u00e9s :<\/h3>\n<ul data-start=\"2389\" data-end=\"2519\">\n<li data-start=\"2389\" data-end=\"2451\">\n<p data-start=\"2391\" data-end=\"2451\">cookies techniques n\u00e9cessaires au bon fonctionnement du Site<\/p>\n<\/li>\n<li data-start=\"2452\" data-end=\"2519\">\n<p data-start=\"2454\" data-end=\"2519\">cookies de mesure d\u2019audience (ex. Google Analytics ou \u00e9quivalent)<\/p>\n<\/li>\n<\/ul>\n<p data-start=\"2521\" data-end=\"2616\">L\u2019utilisateur peut configurer son navigateur pour refuser ou limiter l\u2019utilisation des cookie<\/p>\n<h2 data-start=\"2623\" data-end=\"2648\">Partage des donn\u00e9es<\/h2>\n<p data-start=\"2650\" data-end=\"2740\"><strong data-start=\"2670\" data-end=\"2727\"><a href=\"https:\/\/inspector.casino\/en\/\">https:\/\/inspector.casino<\/a> ne vend, ne loue et ne c\u00e8de aucune donn\u00e9e personnelle<\/strong> \u00e0 des tiers.<\/p>\n<p data-start=\"2742\" data-end=\"2793\">Les donn\u00e9es peuvent toutefois \u00eatre partag\u00e9es avec :<\/p>\n<ul data-start=\"2794\" data-end=\"2924\">\n<li data-start=\"2794\" data-end=\"2856\">\n<p data-start=\"2796\" data-end=\"2856\">des prestataires techniques (h\u00e9bergement, analyse de trafic)<\/p>\n<\/li>\n<li data-start=\"2857\" data-end=\"2924\">\n<p data-start=\"2859\" data-end=\"2924\">des partenaires strictement n\u00e9cessaires au fonctionnement du Site<\/p>\n<\/li>\n<\/ul>\n<p data-start=\"2926\" data-end=\"3001\">Ces prestataires sont soumis \u00e0 des obligations de confidentialit\u00e9 strictes.<\/p>\n<h2 data-start=\"3008\" data-end=\"3040\">Liens vers des sites tiers<\/h2>\n<p data-start=\"3042\" data-end=\"3110\">Le Site contient des liens vers des sites de casinos en ligne tiers.<\/p>\n<p data-start=\"3112\" data-end=\"3266\">https:\/\/inspector.casino\u00a0n\u2019exerce aucun contr\u00f4le sur ces sites et d\u00e9cline toute responsabilit\u00e9 concernant leurs pratiques en mati\u00e8re de protection des donn\u00e9es.<\/p>\n<p data-start=\"3268\" data-end=\"3361\">Nous invitons les utilisateurs \u00e0 consulter les politiques de confidentialit\u00e9 des sites tiers.<\/p>\n<h2 data-start=\"3368\" data-end=\"3394\">S\u00e9curit\u00e9 des donn\u00e9es<\/h2>\n<p data-start=\"3396\" data-end=\"3536\">https:\/\/inspector.casino\u00a0met en \u0153uvre des mesures techniques et organisationnelles appropri\u00e9es afin de prot\u00e9ger les donn\u00e9es personnelles contre :<\/p>\n<ul data-start=\"3537\" data-end=\"3602\">\n<li data-start=\"3537\" data-end=\"3559\">\n<p data-start=\"3539\" data-end=\"3559\">l\u2019acc\u00e8s non autoris\u00e9<\/p>\n<\/li>\n<li data-start=\"3560\" data-end=\"3570\">\n<p data-start=\"3562\" data-end=\"3570\">la perte<\/p>\n<\/li>\n<li data-start=\"3571\" data-end=\"3585\">\n<p data-start=\"3573\" data-end=\"3585\">l\u2019alt\u00e9ration<\/p>\n<\/li>\n<li data-start=\"3586\" data-end=\"3602\">\n<p data-start=\"3588\" data-end=\"3602\">la divulgation<\/p>\n<\/li>\n<\/ul>\n<h2 data-start=\"3834\" data-end=\"3864\">Droits des utilisateurs<\/h2>\n<p data-start=\"3866\" data-end=\"3984\">Conform\u00e9ment au <strong data-start=\"3882\" data-end=\"3890\">RGPD<\/strong> \u00a0les utilisateurs disposent des droits suivants :<\/p>\n<ul data-start=\"3985\" data-end=\"4142\">\n<li data-start=\"3985\" data-end=\"4000\">\n<p data-start=\"3987\" data-end=\"4000\">droit d\u2019acc\u00e8s<\/p>\n<\/li>\n<li data-start=\"4001\" data-end=\"4025\">\n<p data-start=\"4003\" data-end=\"4025\">droit de rectification<\/p>\n<\/li>\n<li data-start=\"4026\" data-end=\"4046\">\n<p data-start=\"4028\" data-end=\"4046\">droit d\u2019effacement<\/p>\n<\/li>\n<li data-start=\"4047\" data-end=\"4084\">\n<p data-start=\"4049\" data-end=\"4084\">droit \u00e0 la limitation du traitement<\/p>\n<\/li>\n<li data-start=\"4085\" data-end=\"4105\">\n<p data-start=\"4087\" data-end=\"4105\">droit d\u2019opposition<\/p>\n<\/li>\n<li data-start=\"4106\" data-end=\"4142\">\n<p data-start=\"4108\" data-end=\"4142\">droit \u00e0 la portabilit\u00e9 des donn\u00e9es<\/p>\n<\/li>\n<\/ul>\n<p data-start=\"4144\" data-end=\"4237\">Pour exercer ces droits, l\u2019utilisateur peut contacter le Site \u00e0 l\u2019adresse indiqu\u00e9e ci-dessus.<\/p>\n<h2 data-start=\"4531\" data-end=\"4560\">Protection des mineurs<\/h2>\n<p data-start=\"4562\" data-end=\"4650\">https:\/\/inspector.casino\u00a0est destin\u00e9 exclusivement aux <strong data-start=\"4612\" data-end=\"4649\">personnes \u00e2g\u00e9es de 18 ans et plus<\/strong>.<\/p>\n<p data-start=\"4652\" data-end=\"4728\">Le Site ne collecte pas sciemment de donn\u00e9es personnelles aupr\u00e8s de mineurs<\/p>\n<h2 data-start=\"4735\" data-end=\"4790\">Modifications de la politique de confidentialit\u00e9<\/h2>\n<p data-start=\"4792\" data-end=\"4899\">https:\/\/inspector.casino\u00a0se r\u00e9serve le droit de modifier la pr\u00e9sente politique de confidentialit\u00e9 \u00e0 tout moment.<\/p>\n<p data-start=\"4901\" data-end=\"5014\">Les utilisateurs sont invit\u00e9s \u00e0 consulter r\u00e9guli\u00e8rement cette page afin de prendre connaissance des mises \u00e0 jour.<\/p>\n<h2 data-start=\"4901\" data-end=\"5014\">Mention capitale.<\/h2>\n<p data-start=\"4901\" data-end=\"5014\">https:\/\/inspector.casino\u00a0est un site d\u2019information ind\u00e9pendant destin\u00e9 aux adultes (18+). Le jeu comporte des risques. Jouez de mani\u00e8re responsable.<\/p>\n<p>[\/et_pb_text][\/et_pb_column][\/et_pb_row][\/et_pb_section]<\/p>","protected":false},"excerpt":{"rendered":"<p>La pr\u00e9sente politique de confidentialit\u00e9 d\u00e9crit comment https:\/\/inspector.casino (ci-apr\u00e8s \u00ab le Site \u00bb) collecte, utilise et prot\u00e8ge les donn\u00e9es personnelles des utilisateurs. En utilisant le Site, vous acceptez les pratiques d\u00e9crites dans cette politique. Le responsable du traitement des donn\u00e9es personnelles est : Site web : https:\/\/inspector.casino Contact : contact@https:\/\/inspector.casino Donn\u00e9es collect\u00e9es. https:\/\/inspector.casino\u00a0peut collecter les [&hellip;]<\/p>","protected":false},"author":1,"featured_media":0,"parent":0,"menu_order":0,"comment_status":"closed","ping_status":"closed","template":"","meta":{"_acf_changed":false,"_et_pb_use_builder":"on","_et_pb_old_content":"","_et_gb_content_width":"","footnotes":""},"acf":[],"yoast_head":"<!-- This site is optimized with the Yoast SEO plugin v22.9 - https:\/\/yoast.com\/wordpress\/plugins\/seo\/ -->\n<title>Politique de confidentialit\u00e9 - Inspecteur Casino<\/title>\n<meta name=\"robots\" content=\"index, follow, max-snippet:-1, max-image-preview:large, max-video-preview:-1\" \/>\n<link rel=\"canonical\" href=\"https:\/\/inspector.casino\/en\/politique-de-confidentialite\/\" \/>\n<meta property=\"og:locale\" content=\"en_US\" \/>\n<meta property=\"og:type\" content=\"article\" \/>\n<meta property=\"og:title\" content=\"Politique de confidentialit\u00e9 - Inspecteur Casino\" \/>\n<meta property=\"og:description\" content=\"La pr\u00e9sente politique de confidentialit\u00e9 d\u00e9crit comment https:\/\/inspector.casino (ci-apr\u00e8s \u00ab le Site \u00bb) collecte, utilise et prot\u00e8ge les donn\u00e9es personnelles des utilisateurs. En utilisant le Site, vous acceptez les pratiques d\u00e9crites dans cette politique. Le responsable du traitement des donn\u00e9es personnelles est : Site web : https:\/\/inspector.casino Contact : contact@https:\/\/inspector.casino Donn\u00e9es collect\u00e9es. https:\/\/inspector.casino\u00a0peut collecter les [&hellip;]\" \/>\n<meta property=\"og:url\" content=\"https:\/\/inspector.casino\/en\/politique-de-confidentialite\/\" \/>\n<meta property=\"og:site_name\" content=\"Inspecteur Casino\" \/>\n<meta property=\"article:modified_time\" content=\"2026-02-03T13:00:24+00:00\" \/>\n<meta name=\"twitter:card\" content=\"summary_large_image\" \/>\n<meta name=\"twitter:label1\" content=\"Est. reading time\" \/>\n\t<meta name=\"twitter:data1\" content=\"4 minutes\" \/>\n<script type=\"application\/ld+json\" class=\"yoast-schema-graph\">{\"@context\":\"https:\/\/schema.org\",\"@graph\":[{\"@type\":\"WebPage\",\"@id\":\"https:\/\/inspector.casino\/politique-de-confidentialite\/\",\"url\":\"https:\/\/inspector.casino\/politique-de-confidentialite\/\",\"name\":\"Politique de confidentialit\u00e9 - Inspecteur Casino\",\"isPartOf\":{\"@id\":\"https:\/\/inspector.casino\/#website\"},\"datePublished\":\"2020-04-20T13:58:09+00:00\",\"dateModified\":\"2026-02-03T13:00:24+00:00\",\"breadcrumb\":{\"@id\":\"https:\/\/inspector.casino\/politique-de-confidentialite\/#breadcrumb\"},\"inLanguage\":\"en-US\",\"potentialAction\":[{\"@type\":\"ReadAction\",\"target\":[\"https:\/\/inspector.casino\/politique-de-confidentialite\/\"]}]},{\"@type\":\"BreadcrumbList\",\"@id\":\"https:\/\/inspector.casino\/politique-de-confidentialite\/#breadcrumb\",\"itemListElement\":[{\"@type\":\"ListItem\",\"position\":1,\"name\":\"Accueil\",\"item\":\"https:\/\/inspector.casino\/\"},{\"@type\":\"ListItem\",\"position\":2,\"name\":\"Politique de confidentialit\u00e9\"}]},{\"@type\":\"WebSite\",\"@id\":\"https:\/\/inspector.casino\/#website\",\"url\":\"https:\/\/inspector.casino\/\",\"name\":\"Inspecteur Casino\",\"description\":\"Les meilleurs casinos en ligne Canadiens\",\"potentialAction\":[{\"@type\":\"SearchAction\",\"target\":{\"@type\":\"EntryPoint\",\"urlTemplate\":\"https:\/\/inspector.casino\/?s={search_term_string}\"},\"query-input\":\"required name=search_term_string\"}],\"inLanguage\":\"en-US\"}]}<\/script>\n<!-- \/ Yoast SEO plugin. -->","yoast_head_json":{"title":"Politique de confidentialit\u00e9 - Inspecteur Casino","robots":{"index":"index","follow":"follow","max-snippet":"max-snippet:-1","max-image-preview":"max-image-preview:large","max-video-preview":"max-video-preview:-1"},"canonical":"https:\/\/inspector.casino\/en\/politique-de-confidentialite\/","og_locale":"en_US","og_type":"article","og_title":"Politique de confidentialit\u00e9 - Inspecteur Casino","og_description":"La pr\u00e9sente politique de confidentialit\u00e9 d\u00e9crit comment https:\/\/inspector.casino (ci-apr\u00e8s \u00ab le Site \u00bb) collecte, utilise et prot\u00e8ge les donn\u00e9es personnelles des utilisateurs. En utilisant le Site, vous acceptez les pratiques d\u00e9crites dans cette politique. Le responsable du traitement des donn\u00e9es personnelles est : Site web : https:\/\/inspector.casino Contact : contact@https:\/\/inspector.casino Donn\u00e9es collect\u00e9es. https:\/\/inspector.casino\u00a0peut collecter les [&hellip;]","og_url":"https:\/\/inspector.casino\/en\/politique-de-confidentialite\/","og_site_name":"Inspecteur Casino","article_modified_time":"2026-02-03T13:00:24+00:00","twitter_card":"summary_large_image","twitter_misc":{"Est. reading time":"4 minutes"},"schema":{"@context":"https:\/\/schema.org","@graph":[{"@type":"WebPage","@id":"https:\/\/inspector.casino\/politique-de-confidentialite\/","url":"https:\/\/inspector.casino\/politique-de-confidentialite\/","name":"Politique de confidentialit\u00e9 - Inspecteur Casino","isPartOf":{"@id":"https:\/\/inspector.casino\/#website"},"datePublished":"2020-04-20T13:58:09+00:00","dateModified":"2026-02-03T13:00:24+00:00","breadcrumb":{"@id":"https:\/\/inspector.casino\/politique-de-confidentialite\/#breadcrumb"},"inLanguage":"en-US","potentialAction":[{"@type":"ReadAction","target":["https:\/\/inspector.casino\/politique-de-confidentialite\/"]}]},{"@type":"BreadcrumbList","@id":"https:\/\/inspector.casino\/politique-de-confidentialite\/#breadcrumb","itemListElement":[{"@type":"ListItem","position":1,"name":"Accueil","item":"https:\/\/inspector.casino\/"},{"@type":"ListItem","position":2,"name":"Politique de confidentialit\u00e9"}]},{"@type":"WebSite","@id":"https:\/\/inspector.casino\/#website","url":"https:\/\/inspector.casino\/","name":"Inspecteur Casino","description":"Les meilleurs casinos en ligne Canadiens","potentialAction":[{"@type":"SearchAction","target":{"@type":"EntryPoint","urlTemplate":"https:\/\/inspector.casino\/?s={search_term_string}"},"query-input":"required name=search_term_string"}],"inLanguage":"en-US"}]}},"_hostinger_reach_plugin_has_subscription_block":false,"_hostinger_reach_plugin_is_elementor":false,"_links":{"self":[{"href":"https:\/\/inspector.casino\/en\/wp-json\/wp\/v2\/pages\/201"}],"collection":[{"href":"https:\/\/inspector.casino\/en\/wp-json\/wp\/v2\/pages"}],"about":[{"href":"https:\/\/inspector.casino\/en\/wp-json\/wp\/v2\/types\/page"}],"author":[{"embeddable":true,"href":"https:\/\/inspector.casino\/en\/wp-json\/wp\/v2\/users\/1"}],"replies":[{"embeddable":true,"href":"https:\/\/inspector.casino\/en\/wp-json\/wp\/v2\/comments?post=201"}],"version-history":[{"count":8,"href":"https:\/\/inspector.casino\/en\/wp-json\/wp\/v2\/pages\/201\/revisions"}],"predecessor-version":[{"id":6894,"href":"https:\/\/inspector.casino\/en\/wp-json\/wp\/v2\/pages\/201\/revisions\/6894"}],"wp:attachment":[{"href":"https:\/\/inspector.casino\/en\/wp-json\/wp\/v2\/media?parent=201"}],"curies":[{"name":"wp","href":"https:\/\/api.w.org\/{rel}","templated":true}]}}